{"id":67,"date":"2021-12-12T06:32:14","date_gmt":"2021-12-12T06:32:14","guid":{"rendered":"https:\/\/demosites.royal-elementor-addons.com\/ittech-v2\/?page_id=67"},"modified":"2023-05-17T14:35:19","modified_gmt":"2023-05-17T14:35:19","slug":"plantas-productivas","status":"publish","type":"page","link":"https:\/\/www.richet.com.ar\/nuevaweb\/plantas-productivas\/","title":{"rendered":"Plantas productivas"},"content":{"rendered":"\t\t<div data-elementor-type=\"wp-page\" data-elementor-id=\"67\" class=\"elementor elementor-67\">\n\t\t\t\t\t\t<section class=\"elementor-section elementor-top-section elementor-element elementor-element-11fc2c64 elementor-section-height-min-height elementor-section-content-middle elementor-section-boxed elementor-section-height-default elementor-section-items-middle wpr-particle-no wpr-jarallax-no wpr-parallax-no wpr-sticky-section-no\" data-id=\"11fc2c64\" data-element_type=\"section\" data-e-type=\"section\" data-settings=\"{&quot;background_background&quot;:&quot;classic&quot;}\">\n\t\t\t\t\t\t\t<div class=\"elementor-background-overlay\"><\/div>\n\t\t\t\t\t\t\t<div class=\"elementor-container elementor-column-gap-default\">\n\t\t\t\t\t<div class=\"elementor-column elementor-col-100 elementor-top-column elementor-element elementor-element-1273e3d1\" data-id=\"1273e3d1\" data-element_type=\"column\" data-e-type=\"column\">\n\t\t\t<div class=\"elementor-widget-wrap elementor-element-populated\">\n\t\t\t\t\t\t<div class=\"elementor-element elementor-element-2f016484 elementor-widget elementor-widget-heading\" data-id=\"2f016484\" data-element_type=\"widget\" data-e-type=\"widget\" data-widget_type=\"heading.default\">\n\t\t\t\t<div class=\"elementor-widget-container\">\n\t\t\t\t\t<h2 class=\"elementor-heading-title elementor-size-default\">PLANTAS PRODUCTIVAS<\/h2>\t\t\t\t<\/div>\n\t\t\t\t<\/div>\n\t\t\t\t\t<\/div>\n\t\t<\/div>\n\t\t\t\t\t<\/div>\n\t\t<\/section>\n\t\t\t\t<section class=\"elementor-section elementor-top-section elementor-element elementor-element-2bef8e18 elementor-section-boxed elementor-section-height-default elementor-section-height-default wpr-particle-no wpr-jarallax-no wpr-parallax-no wpr-sticky-section-no\" data-id=\"2bef8e18\" data-element_type=\"section\" data-e-type=\"section\">\n\t\t\t\t\t\t<div class=\"elementor-container elementor-column-gap-default\">\n\t\t\t\t\t<div class=\"elementor-column elementor-col-100 elementor-top-column elementor-element elementor-element-53a9143d\" data-id=\"53a9143d\" data-element_type=\"column\" data-e-type=\"column\">\n\t\t\t<div class=\"elementor-widget-wrap elementor-element-populated\">\n\t\t\t\t\t\t<div class=\"elementor-element elementor-element-194a4bb elementor-widget elementor-widget-text-editor\" data-id=\"194a4bb\" data-element_type=\"widget\" data-e-type=\"widget\" data-widget_type=\"text-editor.default\">\n\t\t\t\t<div class=\"elementor-widget-container\">\n\t\t\t\t\t\t\t\t\t<p><strong>Laboratorios Richet S.A.<\/strong> cuenta con nuevas y modernas instalaciones habilitadas por ANMAT. Sus ahora 11.000 m2 fabriles han sido dise\u00f1ados siguiendo los lineamientos de las Buenas Pr\u00e1cticas de Fabricaci\u00f3n (GMP) para cumplir con las exigencias de los organismos internacionales de auditor\u00eda farmac\u00e9utica.<\/p>\t\t\t\t\t\t\t\t<\/div>\n\t\t\t\t<\/div>\n\t\t\t\t\t<\/div>\n\t\t<\/div>\n\t\t\t\t\t<\/div>\n\t\t<\/section>\n\t\t\t\t<section class=\"elementor-section elementor-top-section elementor-element elementor-element-14d1f4d9 elementor-section-content-middle elementor-section-boxed elementor-section-height-default elementor-section-height-default wpr-particle-no wpr-jarallax-no wpr-parallax-no wpr-sticky-section-no\" data-id=\"14d1f4d9\" data-element_type=\"section\" data-e-type=\"section\" data-settings=\"{&quot;background_background&quot;:&quot;classic&quot;}\">\n\t\t\t\t\t\t\t<div class=\"elementor-background-overlay\"><\/div>\n\t\t\t\t\t\t\t<div class=\"elementor-container elementor-column-gap-default\">\n\t\t\t\t\t<div class=\"elementor-column elementor-col-100 elementor-top-column elementor-element elementor-element-5f0c4736\" data-id=\"5f0c4736\" data-element_type=\"column\" data-e-type=\"column\">\n\t\t\t<div class=\"elementor-widget-wrap elementor-element-populated\">\n\t\t\t\t\t\t<div class=\"elementor-element elementor-element-79371e7e elementor-widget elementor-widget-heading\" data-id=\"79371e7e\" data-element_type=\"widget\" data-e-type=\"widget\" data-widget_type=\"heading.default\">\n\t\t\t\t<div class=\"elementor-widget-container\">\n\t\t\t\t\t<h3 class=\"elementor-heading-title elementor-size-default\">En el a\u00f1o 2021 ha inaugurado una moderna planta de 8.000 m2<\/h3>\t\t\t\t<\/div>\n\t\t\t\t<\/div>\n\t\t\t\t<div class=\"elementor-element elementor-element-6f641a12 elementor-widget elementor-widget-text-editor\" data-id=\"6f641a12\" data-element_type=\"widget\" data-e-type=\"widget\" data-widget_type=\"text-editor.default\">\n\t\t\t\t<div class=\"elementor-widget-container\">\n\t\t\t\t\t\t\t\t\t<p>para la elaboraci\u00f3n de inyectables y s\u00f3lidos orales generales: soluciones inyectables en viales y ampollas, polvos est\u00e9riles y liofilizados, y soluciones parenterales de gran volumen; comprimidos, comprimidos recubiertos, de liberaci\u00f3n prolongada y capsulas duras.<\/p>\t\t\t\t\t\t\t\t<\/div>\n\t\t\t\t<\/div>\n\t\t\t\t\t<\/div>\n\t\t<\/div>\n\t\t\t\t\t<\/div>\n\t\t<\/section>\n\t\t\t\t<section class=\"elementor-section elementor-top-section elementor-element elementor-element-30c9c8fa elementor-reverse-mobile elementor-section-boxed elementor-section-height-default elementor-section-height-default wpr-particle-no wpr-jarallax-no wpr-parallax-no wpr-sticky-section-no\" data-id=\"30c9c8fa\" data-element_type=\"section\" data-e-type=\"section\" data-settings=\"{&quot;background_background&quot;:&quot;classic&quot;}\">\n\t\t\t\t\t\t<div class=\"elementor-container elementor-column-gap-wide\">\n\t\t\t\t\t<div class=\"elementor-column elementor-col-50 elementor-top-column elementor-element elementor-element-7f4a882c\" data-id=\"7f4a882c\" data-element_type=\"column\" data-e-type=\"column\">\n\t\t\t<div class=\"elementor-widget-wrap elementor-element-populated\">\n\t\t\t\t\t\t<div class=\"elementor-element elementor-element-e670101 elementor-widget elementor-widget-video\" data-id=\"e670101\" data-element_type=\"widget\" data-e-type=\"widget\" data-settings=\"{&quot;video_type&quot;:&quot;hosted&quot;,&quot;controls&quot;:&quot;yes&quot;}\" data-widget_type=\"video.default\">\n\t\t\t\t<div class=\"elementor-widget-container\">\n\t\t\t\t\t\t\t<div class=\"e-hosted-video elementor-wrapper elementor-open-inline\">\n\t\t\t\t\t<video class=\"elementor-video\" src=\"https:\/\/www.richet.com.ar\/nuevaweb\/wp-content\/uploads\/2023\/05\/YDRAY-RICHET-40-SEG.mp4\" controls=\"\" preload=\"metadata\" controlsList=\"nodownload\"><\/video>\n\t\t\t\t<\/div>\n\t\t\t\t\t\t<\/div>\n\t\t\t\t<\/div>\n\t\t\t\t\t<\/div>\n\t\t<\/div>\n\t\t\t\t<div class=\"elementor-column elementor-col-50 elementor-top-column elementor-element elementor-element-5d6332cb\" data-id=\"5d6332cb\" data-element_type=\"column\" data-e-type=\"column\">\n\t\t\t<div class=\"elementor-widget-wrap elementor-element-populated\">\n\t\t\t\t\t\t<div class=\"elementor-element elementor-element-51c853a elementor-invisible elementor-widget elementor-widget-text-editor\" data-id=\"51c853a\" data-element_type=\"widget\" data-e-type=\"widget\" data-settings=\"{&quot;_animation&quot;:&quot;fadeInRight&quot;}\" data-widget_type=\"text-editor.default\">\n\t\t\t\t<div class=\"elementor-widget-container\">\n\t\t\t\t\t\t\t\t\t<p>El equipamiento de \u00faltima generaci\u00f3n, con controles automatizados, garantiza el cumplimiento de los m\u00e1s altos est\u00e1ndares internacionales. Los nuevos liofilizadores fortalecen la experiencia de Laboratorios Richet en el mercado de productos liofilizados, logrando medicamentos de alta calidad.<\/p><p>Su tradicional planta de 3.000 m2 est\u00e1 destinada exclusivamente a la elaboraci\u00f3n de antibi\u00f3ticos betalact\u00e1micos en formas farmac\u00e9uticas orales e inyectables.<\/p>\t\t\t\t\t\t\t\t<\/div>\n\t\t\t\t<\/div>\n\t\t\t\t\t<\/div>\n\t\t<\/div>\n\t\t\t\t\t<\/div>\n\t\t<\/section>\n\t\t\t\t<section class=\"elementor-section elementor-top-section elementor-element elementor-element-7b399bd elementor-reverse-mobile elementor-section-boxed elementor-section-height-default elementor-section-height-default wpr-particle-no wpr-jarallax-no wpr-parallax-no wpr-sticky-section-no\" data-id=\"7b399bd\" data-element_type=\"section\" data-e-type=\"section\" data-settings=\"{&quot;background_background&quot;:&quot;classic&quot;}\">\n\t\t\t\t\t\t<div class=\"elementor-container elementor-column-gap-wide\">\n\t\t\t\t\t<div class=\"elementor-column elementor-col-100 elementor-top-column elementor-element elementor-element-e27372c\" data-id=\"e27372c\" data-element_type=\"column\" data-e-type=\"column\">\n\t\t\t<div class=\"elementor-widget-wrap elementor-element-populated\">\n\t\t\t\t\t\t<div class=\"elementor-element elementor-element-3b86501 elementor-invisible elementor-widget elementor-widget-text-editor\" data-id=\"3b86501\" data-element_type=\"widget\" data-e-type=\"widget\" data-settings=\"{&quot;_animation&quot;:&quot;fadeInRight&quot;}\" data-widget_type=\"text-editor.default\">\n\t\t\t\t<div class=\"elementor-widget-container\">\n\t\t\t\t\t\t\t\t\t<p><strong>Laboratorios Richet S.A.<\/strong> es una empresa en constante expansi\u00f3n debido a su apuesta por la renovaci\u00f3n tecnol\u00f3gica y la inversi\u00f3n en investigaci\u00f3n y desarrollo al servicio de la salud. De esa forma ha atravesado sus primeros 60 a\u00f1os ofreciendo medicamentos accesibles de alta calidad en toda Am\u00e9rica Latina.<\/p>\t\t\t\t\t\t\t\t<\/div>\n\t\t\t\t<\/div>\n\t\t\t\t\t<\/div>\n\t\t<\/div>\n\t\t\t\t\t<\/div>\n\t\t<\/section>\n\t\t\t\t<\/div>\n\t\t","protected":false},"excerpt":{"rendered":"<p>PLANTAS PRODUCTIVAS Laboratorios Richet S.A. cuenta con nuevas y modernas instalaciones habilitadas por ANMAT. Sus ahora 11.000 m2 fabriles han sido dise\u00f1ados siguiendo los lineamientos de las Buenas Pr\u00e1cticas de Fabricaci\u00f3n (GMP) para cumplir con las exigencias de los organismos internacionales de auditor\u00eda farmac\u00e9utica. En el a\u00f1o 2021 ha inaugurado una moderna planta de 8.000 m2 para la elaboraci\u00f3n de inyectables y s\u00f3lidos orales generales: soluciones inyectables en viales y ampollas, polvos est\u00e9riles y liofilizados, y soluciones parenterales de gran volumen; comprimidos, comprimidos recubiertos, de liberaci\u00f3n prolongada y capsulas duras. https:\/\/www.richet.com.ar\/nuevaweb\/wp-content\/uploads\/2023\/05\/YDRAY-RICHET-40-SEG.mp4 El equipamiento de \u00faltima generaci\u00f3n, con controles automatizados, garantiza el cumplimiento de los m\u00e1s altos est\u00e1ndares internacionales. Los nuevos liofilizadores fortalecen la experiencia de Laboratorios Richet en el mercado de productos liofilizados, logrando medicamentos de alta calidad. Su tradicional planta de 3.000 m2 est\u00e1 destinada exclusivamente a la elaboraci\u00f3n de antibi\u00f3ticos betalact\u00e1micos en formas farmac\u00e9uticas orales e inyectables. Laboratorios Richet S.A. es una empresa en constante expansi\u00f3n debido a su apuesta por la renovaci\u00f3n tecnol\u00f3gica y la inversi\u00f3n en investigaci\u00f3n y desarrollo al servicio de la salud. De esa forma ha atravesado sus primeros 60 a\u00f1os ofreciendo medicamentos accesibles de alta calidad en toda Am\u00e9rica Latina.<\/p>\n","protected":false},"author":2,"featured_media":0,"parent":0,"menu_order":0,"comment_status":"closed","ping_status":"closed","template":"elementor_canvas","meta":{"footnotes":""},"class_list":["post-67","page","type-page","status-publish","hentry"],"_links":{"self":[{"href":"https:\/\/www.richet.com.ar\/nuevaweb\/wp-json\/wp\/v2\/pages\/67","targetHints":{"allow":["GET"]}}],"collection":[{"href":"https:\/\/www.richet.com.ar\/nuevaweb\/wp-json\/wp\/v2\/pages"}],"about":[{"href":"https:\/\/www.richet.com.ar\/nuevaweb\/wp-json\/wp\/v2\/types\/page"}],"author":[{"embeddable":true,"href":"https:\/\/www.richet.com.ar\/nuevaweb\/wp-json\/wp\/v2\/users\/2"}],"replies":[{"embeddable":true,"href":"https:\/\/www.richet.com.ar\/nuevaweb\/wp-json\/wp\/v2\/comments?post=67"}],"version-history":[{"count":42,"href":"https:\/\/www.richet.com.ar\/nuevaweb\/wp-json\/wp\/v2\/pages\/67\/revisions"}],"predecessor-version":[{"id":2341,"href":"https:\/\/www.richet.com.ar\/nuevaweb\/wp-json\/wp\/v2\/pages\/67\/revisions\/2341"}],"wp:attachment":[{"href":"https:\/\/www.richet.com.ar\/nuevaweb\/wp-json\/wp\/v2\/media?parent=67"}],"curies":[{"name":"wp","href":"https:\/\/api.w.org\/{rel}","templated":true}]}}