{"id":66,"date":"2021-12-12T06:31:28","date_gmt":"2021-12-12T06:31:28","guid":{"rendered":"https:\/\/demosites.royal-elementor-addons.com\/ittech-v2\/?page_id=66"},"modified":"2023-05-17T15:07:33","modified_gmt":"2023-05-17T15:07:33","slug":"farmacias","status":"publish","type":"page","link":"https:\/\/www.richet.com.ar\/nuevaweb\/farmacias\/","title":{"rendered":"Farmacias"},"content":{"rendered":"\t\t<div data-elementor-type=\"wp-page\" data-elementor-id=\"66\" class=\"elementor elementor-66\">\n\t\t\t\t\t\t<section class=\"wpr-jarallax elementor-section elementor-top-section elementor-element elementor-element-aea2f81 elementor-section-height-min-height elementor-section-content-middle wpr-jarallax-yes elementor-section-boxed elementor-section-height-default elementor-section-items-middle wpr-particle-no wpr-parallax-no wpr-sticky-section-no\" speed-data=\"1.4\" bg-image=\"https:\/\/www.richet.com.ar\/nuevaweb\/wp-content\/uploads\/2022\/12\/farma1.jpg\" scroll-effect=\"scroll\" data-id=\"aea2f81\" data-element_type=\"section\" data-e-type=\"section\" data-settings=\"{&quot;background_background&quot;:&quot;classic&quot;}\">\n\t\t\t\t\t\t\t<div class=\"elementor-background-overlay\"><\/div>\n\t\t\t\t\t\t\t<div class=\"elementor-container elementor-column-gap-default\">\n\t\t\t\t\t<div class=\"elementor-column elementor-col-100 elementor-top-column elementor-element elementor-element-e16feb4\" data-id=\"e16feb4\" data-element_type=\"column\" data-e-type=\"column\">\n\t\t\t<div class=\"elementor-widget-wrap elementor-element-populated\">\n\t\t\t\t\t\t<div class=\"elementor-element elementor-element-269ff342 elementor-invisible elementor-widget elementor-widget-heading\" data-id=\"269ff342\" data-element_type=\"widget\" data-e-type=\"widget\" data-settings=\"{&quot;_animation&quot;:&quot;fadeInDown&quot;}\" data-widget_type=\"heading.default\">\n\t\t\t\t<div class=\"elementor-widget-container\">\n\t\t\t\t\t<h2 class=\"elementor-heading-title elementor-size-default\">Farmacias<\/h2>\t\t\t\t<\/div>\n\t\t\t\t<\/div>\n\t\t\t\t\t<\/div>\n\t\t<\/div>\n\t\t\t\t\t<\/div>\n\t\t<\/section>\n\t\t\t\t<section class=\"elementor-section elementor-top-section elementor-element elementor-element-59bc07b elementor-section-boxed elementor-section-height-default elementor-section-height-default wpr-particle-no wpr-jarallax-no wpr-parallax-no wpr-sticky-section-no\" data-id=\"59bc07b\" data-element_type=\"section\" data-e-type=\"section\" data-settings=\"{&quot;background_background&quot;:&quot;classic&quot;}\">\n\t\t\t\t\t\t\t<div class=\"elementor-background-overlay\"><\/div>\n\t\t\t\t\t\t\t<div class=\"elementor-container elementor-column-gap-wide\">\n\t\t\t\t\t<div class=\"elementor-column elementor-col-50 elementor-top-column elementor-element elementor-element-5118ca1\" data-id=\"5118ca1\" data-element_type=\"column\" data-e-type=\"column\">\n\t\t\t<div class=\"elementor-widget-wrap elementor-element-populated\">\n\t\t\t\t\t\t<div class=\"elementor-element elementor-element-03aaa07 elementor-widget elementor-widget-image\" data-id=\"03aaa07\" data-element_type=\"widget\" data-e-type=\"widget\" data-widget_type=\"image.default\">\n\t\t\t\t<div class=\"elementor-widget-container\">\n\t\t\t\t\t\t\t\t\t\t\t\t\t\t\t<img fetchpriority=\"high\" decoding=\"async\" width=\"1200\" height=\"800\" src=\"https:\/\/www.richet.com.ar\/nuevaweb\/wp-content\/uploads\/2023\/04\/farma4.jpg\" class=\"attachment-full size-full wp-image-2189\" alt=\"\" srcset=\"https:\/\/www.richet.com.ar\/nuevaweb\/wp-content\/uploads\/2023\/04\/farma4.jpg 1200w, https:\/\/www.richet.com.ar\/nuevaweb\/wp-content\/uploads\/2023\/04\/farma4-300x200.jpg 300w, https:\/\/www.richet.com.ar\/nuevaweb\/wp-content\/uploads\/2023\/04\/farma4-1024x683.jpg 1024w, https:\/\/www.richet.com.ar\/nuevaweb\/wp-content\/uploads\/2023\/04\/farma4-768x512.jpg 768w\" sizes=\"(max-width: 1200px) 100vw, 1200px\" \/>\t\t\t\t\t\t\t\t\t\t\t\t\t\t\t<\/div>\n\t\t\t\t<\/div>\n\t\t\t\t\t<\/div>\n\t\t<\/div>\n\t\t\t\t<div class=\"elementor-column elementor-col-50 elementor-top-column elementor-element elementor-element-6d235951\" data-id=\"6d235951\" data-element_type=\"column\" data-e-type=\"column\">\n\t\t\t<div class=\"elementor-widget-wrap elementor-element-populated\">\n\t\t\t\t\t\t<div class=\"elementor-element elementor-element-56ef56ff elementor-widget elementor-widget-text-editor\" data-id=\"56ef56ff\" data-element_type=\"widget\" data-e-type=\"widget\" data-widget_type=\"text-editor.default\">\n\t\t\t\t<div class=\"elementor-widget-container\">\n\t\t\t\t\t\t\t\t\t<p><strong>Laboratorios Richet S.A.<\/strong> llega a su farmacia en cualquier punto del territorio nacional a trav\u00e9s de su droguer\u00eda habitual y de nuestros representantes de ventas.<\/p><p>Nuestros productos forman parte de los vadem\u00e9cums de las principales obras sociales y prepagas del pa\u00eds, las notas de recupero que generan son liquidadas a trav\u00e9s de las droguer\u00edas.<\/p><p>Contamos con una amplia gama de medicamentos, donde se destacan la l\u00ednea m\u00e1s completa de antiinfecciosos y un gran grupo de f\u00e1rmacos para patolog\u00edas cr\u00f3nicas.<\/p><p>Cons\u00faltenos, a trav\u00e9s de nuestras <a href=\"https:\/\/www.richet.com.ar\/nuevaweb\/contacto\/\">v\u00edas de comunicaci\u00f3n<\/a><\/p>\t\t\t\t\t\t\t\t<\/div>\n\t\t\t\t<\/div>\n\t\t\t\t\t<\/div>\n\t\t<\/div>\n\t\t\t\t\t<\/div>\n\t\t<\/section>\n\t\t\t\t<\/div>\n\t\t","protected":false},"excerpt":{"rendered":"<p>Farmacias Laboratorios Richet S.A. llega a su farmacia en cualquier punto del territorio nacional a trav\u00e9s de su droguer\u00eda habitual y de nuestros representantes de ventas. Nuestros productos forman parte de los vadem\u00e9cums de las principales obras sociales y prepagas del pa\u00eds, las notas de recupero que generan son liquidadas a trav\u00e9s de las droguer\u00edas. Contamos con una amplia gama de medicamentos, donde se destacan la l\u00ednea m\u00e1s completa de antiinfecciosos y un gran grupo de f\u00e1rmacos para patolog\u00edas cr\u00f3nicas. Cons\u00faltenos, a trav\u00e9s de nuestras v\u00edas de comunicaci\u00f3n<\/p>\n","protected":false},"author":2,"featured_media":0,"parent":0,"menu_order":0,"comment_status":"closed","ping_status":"closed","template":"elementor_canvas","meta":{"footnotes":""},"class_list":["post-66","page","type-page","status-publish","hentry"],"_links":{"self":[{"href":"https:\/\/www.richet.com.ar\/nuevaweb\/wp-json\/wp\/v2\/pages\/66","targetHints":{"allow":["GET"]}}],"collection":[{"href":"https:\/\/www.richet.com.ar\/nuevaweb\/wp-json\/wp\/v2\/pages"}],"about":[{"href":"https:\/\/www.richet.com.ar\/nuevaweb\/wp-json\/wp\/v2\/types\/page"}],"author":[{"embeddable":true,"href":"https:\/\/www.richet.com.ar\/nuevaweb\/wp-json\/wp\/v2\/users\/2"}],"replies":[{"embeddable":true,"href":"https:\/\/www.richet.com.ar\/nuevaweb\/wp-json\/wp\/v2\/comments?post=66"}],"version-history":[{"count":43,"href":"https:\/\/www.richet.com.ar\/nuevaweb\/wp-json\/wp\/v2\/pages\/66\/revisions"}],"predecessor-version":[{"id":2350,"href":"https:\/\/www.richet.com.ar\/nuevaweb\/wp-json\/wp\/v2\/pages\/66\/revisions\/2350"}],"wp:attachment":[{"href":"https:\/\/www.richet.com.ar\/nuevaweb\/wp-json\/wp\/v2\/media?parent=66"}],"curies":[{"name":"wp","href":"https:\/\/api.w.org\/{rel}","templated":true}]}}