{"id":1592,"date":"2023-03-11T20:44:11","date_gmt":"2023-03-11T20:44:11","guid":{"rendered":"https:\/\/www.richet.com.ar\/nuevaweb\/?page_id=1592"},"modified":"2023-04-27T00:10:06","modified_gmt":"2023-04-27T00:10:06","slug":"news","status":"publish","type":"page","link":"https:\/\/www.richet.com.ar\/nuevaweb\/en\/news\/","title":{"rendered":"NEW PRODUCTS"},"content":{"rendered":"\t\t<div data-elementor-type=\"wp-page\" data-elementor-id=\"1592\" class=\"elementor elementor-1592\">\n\t\t\t\t\t\t<section class=\"elementor-section elementor-top-section elementor-element elementor-element-11fc2c64 elementor-section-height-min-height elementor-section-content-middle elementor-section-boxed elementor-section-height-default elementor-section-items-middle wpr-particle-no wpr-jarallax-no wpr-parallax-no wpr-sticky-section-no\" data-id=\"11fc2c64\" data-element_type=\"section\" data-e-type=\"section\" data-settings=\"{&quot;background_background&quot;:&quot;classic&quot;}\">\n\t\t\t\t\t\t\t<div class=\"elementor-background-overlay\"><\/div>\n\t\t\t\t\t\t\t<div class=\"elementor-container elementor-column-gap-default\">\n\t\t\t\t\t<div class=\"elementor-column elementor-col-100 elementor-top-column elementor-element elementor-element-1273e3d1\" data-id=\"1273e3d1\" data-element_type=\"column\" data-e-type=\"column\">\n\t\t\t<div class=\"elementor-widget-wrap elementor-element-populated\">\n\t\t\t\t\t\t<div class=\"elementor-element elementor-element-2f016484 elementor-widget elementor-widget-heading\" data-id=\"2f016484\" data-element_type=\"widget\" data-e-type=\"widget\" data-widget_type=\"heading.default\">\n\t\t\t\t<div class=\"elementor-widget-container\">\n\t\t\t\t\t<h2 class=\"elementor-heading-title elementor-size-default\">NEW PRODUCTS<\/h2>\t\t\t\t<\/div>\n\t\t\t\t<\/div>\n\t\t\t\t\t<\/div>\n\t\t<\/div>\n\t\t\t\t\t<\/div>\n\t\t<\/section>\n\t\t\t\t<section class=\"elementor-section elementor-top-section elementor-element elementor-element-bd9ff0d elementor-section-boxed elementor-section-height-default elementor-section-height-default wpr-particle-no wpr-jarallax-no wpr-parallax-no wpr-sticky-section-no\" data-id=\"bd9ff0d\" data-element_type=\"section\" data-e-type=\"section\">\n\t\t\t\t\t\t<div class=\"elementor-container elementor-column-gap-default\">\n\t\t\t\t\t<div class=\"elementor-column elementor-col-100 elementor-top-column elementor-element elementor-element-380e22d\" data-id=\"380e22d\" data-element_type=\"column\" data-e-type=\"column\">\n\t\t\t<div class=\"elementor-widget-wrap elementor-element-populated\">\n\t\t\t\t\t\t<div class=\"elementor-element elementor-element-2ddabc8 elementor-widget elementor-widget-shortcode\" data-id=\"2ddabc8\" data-element_type=\"widget\" data-e-type=\"widget\" data-widget_type=\"shortcode.default\">\n\t\t\t\t<div class=\"elementor-widget-container\">\n\t\t\t\t\t<div class=\"ficha\"><img fetchpriority=\"high\" decoding=\"async\" width=\"300\" height=\"185\" src=\"https:\/\/www.richet.com.ar\/nuevaweb\/wp-content\/uploads\/2023\/05\/cafeina-2-300x185.jpg\" class=\"attachment-medium size-medium wp-post-image\" alt=\"\" srcset=\"https:\/\/www.richet.com.ar\/nuevaweb\/wp-content\/uploads\/2023\/05\/cafeina-2-300x185.jpg 300w, https:\/\/www.richet.com.ar\/nuevaweb\/wp-content\/uploads\/2023\/05\/cafeina-2.jpg 510w\" sizes=\"(max-width: 300px) 100vw, 300px\" \/><h3>CAFE\u00cdNA CITRATO RICHET<\/h3>Cafe\u00edna citrato<br><i>Soluci\u00f3n Inyectable y oral<\/i><br><b>Concentraci\u00f3n y presentaci\u00f3n: <\/b><br>20 mg\/ml - env c\/ 10 fa de 1 ml y env c\/ 10 fa de 3 ml<br><br><b>Grupo terap\u00e9utico: <\/b>NEONATOL\u00d3GICOS<br><b>Acci\u00f3n terap\u00e9utica: <\/b>Estimulante del SNC. Indicado en la apnea del prematuro<br><\/div><div class=\"ficha\"><img decoding=\"async\" width=\"273\" height=\"300\" src=\"https:\/\/www.richet.com.ar\/nuevaweb\/wp-content\/uploads\/2023\/04\/DAPTOMICINA-RICHET-273x300.jpg\" class=\"attachment-medium size-medium wp-post-image\" alt=\"\" srcset=\"https:\/\/www.richet.com.ar\/nuevaweb\/wp-content\/uploads\/2023\/04\/DAPTOMICINA-RICHET-273x300.jpg 273w, https:\/\/www.richet.com.ar\/nuevaweb\/wp-content\/uploads\/2023\/04\/DAPTOMICINA-RICHET-768x845.jpg 768w, https:\/\/www.richet.com.ar\/nuevaweb\/wp-content\/uploads\/2023\/04\/DAPTOMICINA-RICHET.jpg 800w\" sizes=\"(max-width: 273px) 100vw, 273px\" \/><h3>DAPTOMICINA RICHET<\/h3>Daptomicina<br><i>Inyectable<\/i><br><b>Concentraci\u00f3n y presentaci\u00f3n: <\/b><br>500 mg - envases x 1 fa<br><br><b>Grupo terap\u00e9utico: <\/b>ANTIBI\u00d3TICOS GENERALES<br><b>Acci\u00f3n terap\u00e9utica: <\/b>Antibi\u00f3tico. Lipop\u00e9ptido c\u00edclico<br><\/div><div class=\"ficha\"><img decoding=\"async\" width=\"287\" height=\"300\" src=\"https:\/\/www.richet.com.ar\/nuevaweb\/wp-content\/uploads\/2023\/04\/ertanapem-287x300.jpg\" class=\"attachment-medium size-medium wp-post-image\" alt=\"\" srcset=\"https:\/\/www.richet.com.ar\/nuevaweb\/wp-content\/uploads\/2023\/04\/ertanapem-287x300.jpg 287w, https:\/\/www.richet.com.ar\/nuevaweb\/wp-content\/uploads\/2023\/04\/ertanapem-768x802.jpg 768w, https:\/\/www.richet.com.ar\/nuevaweb\/wp-content\/uploads\/2023\/04\/ertanapem.jpg 800w\" sizes=\"(max-width: 287px) 100vw, 287px\" \/><h3>ERTAPENEM RICHET<\/h3>Ertapenem<br><i>Inyectable<\/i><br><b>Concentraci\u00f3n y presentaci\u00f3n: <\/b><br>1 g - envase x 1 frasco-ampolla<br><br><b>Grupo terap\u00e9utico: <\/b>ANTIBI\u00d3TICOS - CARBAPEN\u00c9MICOS<br><b>Acci\u00f3n terap\u00e9utica: <\/b>Antibi\u00f3tico carbapen\u00e9mico<br><\/div><div class=\"ficha\"><img loading=\"lazy\" decoding=\"async\" width=\"300\" height=\"185\" src=\"https:\/\/www.richet.com.ar\/nuevaweb\/wp-content\/uploads\/2026\/01\/Sugammadex-Iny.jpg\" class=\"attachment-medium size-medium wp-post-image\" alt=\"\" \/><h3>SUGAMMADEX RICHET<\/h3>Sugammadex<br><i>Inyectable, soluci\u00f3n<\/i><br><b>Concentraci\u00f3n y presentaci\u00f3n: <\/b><br>200 mg\/2 ml (en un frasco-ampolla)<br><br><b>Grupo terap\u00e9utico: <\/b>ANESTESIOL\u00d3GIGOS<br><b>Acci\u00f3n terap\u00e9utica: <\/b>Reversi\u00f3n del bloqueo neuromuscular inducido por Vecuronio y Rocuronio<br><\/div><div class=\"ficha\"><img loading=\"lazy\" decoding=\"async\" width=\"300\" height=\"199\" src=\"https:\/\/www.richet.com.ar\/nuevaweb\/wp-content\/uploads\/2024\/09\/triamcinolona-30-x-5-300x199.jpg\" class=\"attachment-medium size-medium wp-post-image\" alt=\"\" srcset=\"https:\/\/www.richet.com.ar\/nuevaweb\/wp-content\/uploads\/2024\/09\/triamcinolona-30-x-5-300x199.jpg 300w, https:\/\/www.richet.com.ar\/nuevaweb\/wp-content\/uploads\/2024\/09\/triamcinolona-30-x-5-1024x678.jpg 1024w, https:\/\/www.richet.com.ar\/nuevaweb\/wp-content\/uploads\/2024\/09\/triamcinolona-30-x-5-768x509.jpg 768w, https:\/\/www.richet.com.ar\/nuevaweb\/wp-content\/uploads\/2024\/09\/triamcinolona-30-x-5.jpg 1200w\" sizes=\"(max-width: 300px) 100vw, 300px\" \/><h3>TRIAMCINOLONA RICHET<\/h3>Triamcinolona<br><i>Suspensi\u00f3n Inyectable I.M. e I.A.<\/i><br><b>Concentraci\u00f3n y presentaci\u00f3n: <\/b><br>30 mg\/5 ml - env x 1 fa c\/ 5 ml de suspensi\u00f3n<br><br><b>Grupo terap\u00e9utico: <\/b>CORTICOESTEROIDES<br><b>Acci\u00f3n terap\u00e9utica: <\/b>Corticoide<br><\/div><div class=\"ficha\"><img loading=\"lazy\" decoding=\"async\" width=\"300\" height=\"199\" src=\"https:\/\/www.richet.com.ar\/nuevaweb\/wp-content\/uploads\/2024\/09\/triamcinolona-40-300x199.jpg\" class=\"attachment-medium size-medium wp-post-image\" alt=\"\" srcset=\"https:\/\/www.richet.com.ar\/nuevaweb\/wp-content\/uploads\/2024\/09\/triamcinolona-40-300x199.jpg 300w, https:\/\/www.richet.com.ar\/nuevaweb\/wp-content\/uploads\/2024\/09\/triamcinolona-40-1024x678.jpg 1024w, https:\/\/www.richet.com.ar\/nuevaweb\/wp-content\/uploads\/2024\/09\/triamcinolona-40-768x509.jpg 768w, https:\/\/www.richet.com.ar\/nuevaweb\/wp-content\/uploads\/2024\/09\/triamcinolona-40.jpg 1200w\" sizes=\"(max-width: 300px) 100vw, 300px\" \/><h3>TRIAMCINOLONA RICHET<\/h3>Triamcinolona<br><i>Suspensi\u00f3n Inyectable I.M. e I.A.<\/i><br><b>Concentraci\u00f3n y presentaci\u00f3n: <\/b><br>40 mg\/1 ml - env x 1 fa c\/ 1 ml de suspensi\u00f3n<br><br><b>Grupo terap\u00e9utico: <\/b>CORTICOESTEROIDES<br><b>Acci\u00f3n terap\u00e9utica: <\/b>Corticoide<br><\/div><div class=\"ficha\"><img loading=\"lazy\" decoding=\"async\" width=\"300\" height=\"210\" src=\"https:\/\/www.richet.com.ar\/nuevaweb\/wp-content\/uploads\/2023\/03\/voriconazol_richet_comprimidos_200_mg-300x210.jpg\" class=\"attachment-medium size-medium wp-post-image\" alt=\"\" srcset=\"https:\/\/www.richet.com.ar\/nuevaweb\/wp-content\/uploads\/2023\/03\/voriconazol_richet_comprimidos_200_mg-300x210.jpg 300w, https:\/\/www.richet.com.ar\/nuevaweb\/wp-content\/uploads\/2023\/03\/voriconazol_richet_comprimidos_200_mg.jpg 450w\" sizes=\"(max-width: 300px) 100vw, 300px\" \/><h3>VORICONAZOL RICHET<\/h3>Voriconazol<br><i>Comprimidos<\/i><br><b>Concentraci\u00f3n y presentaci\u00f3n: <\/b><br>200 mg - env x 10 comp<br><br><b>Grupo terap\u00e9utico: <\/b>ANTIF\u00daNGICOS<br><b>Acci\u00f3n terap\u00e9utica: <\/b>Antif\u00fangico triaz\u00f3lico para micosis graves<br><\/div><div class=\"ficha\"><img loading=\"lazy\" decoding=\"async\" width=\"300\" height=\"210\" src=\"https:\/\/www.richet.com.ar\/nuevaweb\/wp-content\/uploads\/2023\/03\/voriconazol_richet_inyectable_200_mg-300x210.jpg\" class=\"attachment-medium size-medium wp-post-image\" alt=\"\" srcset=\"https:\/\/www.richet.com.ar\/nuevaweb\/wp-content\/uploads\/2023\/03\/voriconazol_richet_inyectable_200_mg-300x210.jpg 300w, https:\/\/www.richet.com.ar\/nuevaweb\/wp-content\/uploads\/2023\/03\/voriconazol_richet_inyectable_200_mg.jpg 450w\" sizes=\"(max-width: 300px) 100vw, 300px\" \/><h3>VORICONAZOL RICHET<\/h3>Voriconazol<br><i>Inyectable<\/i><br><b>Concentraci\u00f3n y presentaci\u00f3n: <\/b><br>200 mg - envase c\/ 1 frasco-ampolla<br><br><b>Grupo terap\u00e9utico: <\/b>ANTIF\u00daNGICOS<br><b>Acci\u00f3n terap\u00e9utica: <\/b>Antif\u00fangico triaz\u00f3lico para micosis graves<br><\/div>\t\t<div class=\"elementor-shortcode\"><\/div>\n\t\t\t\t\t\t<\/div>\n\t\t\t\t<\/div>\n\t\t\t\t\t<\/div>\n\t\t<\/div>\n\t\t\t\t\t<\/div>\n\t\t<\/section>\n\t\t\t\t<\/div>\n\t\t","protected":false},"excerpt":{"rendered":"<p>NEW PRODUCTS<\/p>\n","protected":false},"author":2,"featured_media":0,"parent":0,"menu_order":0,"comment_status":"closed","ping_status":"closed","template":"elementor_canvas","meta":{"footnotes":""},"class_list":["post-1592","page","type-page","status-publish","hentry"],"_links":{"self":[{"href":"https:\/\/www.richet.com.ar\/nuevaweb\/wp-json\/wp\/v2\/pages\/1592","targetHints":{"allow":["GET"]}}],"collection":[{"href":"https:\/\/www.richet.com.ar\/nuevaweb\/wp-json\/wp\/v2\/pages"}],"about":[{"href":"https:\/\/www.richet.com.ar\/nuevaweb\/wp-json\/wp\/v2\/types\/page"}],"author":[{"embeddable":true,"href":"https:\/\/www.richet.com.ar\/nuevaweb\/wp-json\/wp\/v2\/users\/2"}],"replies":[{"embeddable":true,"href":"https:\/\/www.richet.com.ar\/nuevaweb\/wp-json\/wp\/v2\/comments?post=1592"}],"version-history":[{"count":10,"href":"https:\/\/www.richet.com.ar\/nuevaweb\/wp-json\/wp\/v2\/pages\/1592\/revisions"}],"predecessor-version":[{"id":2252,"href":"https:\/\/www.richet.com.ar\/nuevaweb\/wp-json\/wp\/v2\/pages\/1592\/revisions\/2252"}],"wp:attachment":[{"href":"https:\/\/www.richet.com.ar\/nuevaweb\/wp-json\/wp\/v2\/media?parent=1592"}],"curies":[{"name":"wp","href":"https:\/\/api.w.org\/{rel}","templated":true}]}}