{"id":1055,"date":"2023-02-20T21:04:51","date_gmt":"2023-02-20T21:04:51","guid":{"rendered":"https:\/\/www.richet.com.ar\/nuevaweb\/?page_id=1055"},"modified":"2023-05-17T15:14:29","modified_gmt":"2023-05-17T15:14:29","slug":"recursos-humanos","status":"publish","type":"page","link":"https:\/\/www.richet.com.ar\/nuevaweb\/recursos-humanos\/","title":{"rendered":"Recursos Humanos"},"content":{"rendered":"\t\t<div data-elementor-type=\"wp-page\" data-elementor-id=\"1055\" class=\"elementor elementor-1055\">\n\t\t\t\t\t\t<section class=\"elementor-section elementor-top-section elementor-element elementor-element-aea2f81 elementor-section-height-min-height elementor-section-content-middle elementor-section-boxed elementor-section-height-default elementor-section-items-middle wpr-particle-no wpr-jarallax-no wpr-parallax-no wpr-sticky-section-no\" data-id=\"aea2f81\" data-element_type=\"section\" data-e-type=\"section\" data-settings=\"{&quot;background_background&quot;:&quot;classic&quot;}\">\n\t\t\t\t\t\t\t<div class=\"elementor-background-overlay\"><\/div>\n\t\t\t\t\t\t\t<div class=\"elementor-container elementor-column-gap-default\">\n\t\t\t\t\t<div class=\"elementor-column elementor-col-100 elementor-top-column elementor-element elementor-element-e16feb4\" data-id=\"e16feb4\" data-element_type=\"column\" data-e-type=\"column\">\n\t\t\t<div class=\"elementor-widget-wrap elementor-element-populated\">\n\t\t\t\t\t\t<div class=\"elementor-element elementor-element-269ff342 elementor-widget elementor-widget-heading\" data-id=\"269ff342\" data-element_type=\"widget\" data-e-type=\"widget\" data-widget_type=\"heading.default\">\n\t\t\t\t<div class=\"elementor-widget-container\">\n\t\t\t\t\t<h2 class=\"elementor-heading-title elementor-size-default\">RECURSOS HUMANOS<\/h2>\t\t\t\t<\/div>\n\t\t\t\t<\/div>\n\t\t\t\t\t<\/div>\n\t\t<\/div>\n\t\t\t\t\t<\/div>\n\t\t<\/section>\n\t\t\t\t<section class=\"elementor-section elementor-top-section elementor-element elementor-element-59bc07b elementor-reverse-tablet elementor-reverse-mobile elementor-section-boxed elementor-section-height-default elementor-section-height-default wpr-particle-no wpr-jarallax-no wpr-parallax-no wpr-sticky-section-no\" data-id=\"59bc07b\" data-element_type=\"section\" data-e-type=\"section\">\n\t\t\t\t\t\t<div class=\"elementor-container elementor-column-gap-wide\">\n\t\t\t\t\t<div class=\"elementor-column elementor-col-100 elementor-top-column elementor-element elementor-element-6d235951\" data-id=\"6d235951\" data-element_type=\"column\" data-e-type=\"column\">\n\t\t\t<div class=\"elementor-widget-wrap elementor-element-populated\">\n\t\t\t\t\t\t<div class=\"elementor-element elementor-element-3020fa0 elementor-widget elementor-widget-text-editor\" data-id=\"3020fa0\" data-element_type=\"widget\" data-e-type=\"widget\" data-widget_type=\"text-editor.default\">\n\t\t\t\t<div class=\"elementor-widget-container\">\n\t\t\t\t\t\t\t\t\t<p>Si est\u00e1s interesado en formar parte de nuestro staff te invitamos a enviarnos tu curr\u00edculum vitae para que podamos tenerlo en cuenta en nuestros procesos de reclutamiento y selecci\u00f3n<\/p>\t\t\t\t\t\t\t\t<\/div>\n\t\t\t\t<\/div>\n\t\t\t\t<div class=\"elementor-element elementor-element-7c534e5 elementor-widget elementor-widget-shortcode\" data-id=\"7c534e5\" data-element_type=\"widget\" data-e-type=\"widget\" data-widget_type=\"shortcode.default\">\n\t\t\t\t<div class=\"elementor-widget-container\">\n\t\t\t\t\t\t\t<div class=\"elementor-shortcode\"><div class=\"forminator-ui forminator-custom-form forminator-custom-form-1054 forminator-design--flat  forminator_ajax\" data-forminator-render=\"0\" data-form=\"forminator-module-1054\" data-uid=\"69ea6315784d2\"><br\/><\/div><form\n\t\t\t\tid=\"forminator-module-1054\"\n\t\t\t\tclass=\"forminator-ui forminator-custom-form forminator-custom-form-1054 forminator-design--flat  forminator_ajax\"\n\t\t\t\tmethod=\"post\"\n\t\t\t\tdata-forminator-render=\"0\"\n\t\t\t\tdata-form-id=\"1054\"\n\t\t\t\tenctype=\"multipart\/form-data\" data-color-option=\"default\" data-design=\"flat\" data-grid=\"open\" style=\"display: none;\"\n\t\t\t\tdata-uid=\"69ea6315784d2\"\n\t\t\t><div role=\"alert\" aria-live=\"polite\" class=\"forminator-response-message forminator-error\" aria-hidden=\"true\"><\/div><div class=\"forminator-row\"><div id=\"name-1\" class=\"forminator-field-name forminator-col forminator-col-12 \"><div class=\"forminator-row forminator-no-margin\" data-multiple=\"true\"><div class=\"forminator-col forminator-col-md-6\"><div class=\"forminator-field\"><label for=\"forminator-field-first-name-1_69ea6315784d2\" id=\"forminator-field-first-name-1_69ea6315784d2-label\" class=\"forminator-label\">Nombre <span class=\"forminator-required\">*<\/span><\/label><input type=\"text\" name=\"name-1-first-name\" placeholder=\"\" id=\"forminator-field-first-name-1_69ea6315784d2\" class=\"forminator-input\" aria-required=\"true\" data-multi=\"1\" autocomplete=\"given-name\" value=\"\" \/><\/div><\/div><div class=\"forminator-col forminator-col-md-6\"><div class=\"forminator-field\"><label for=\"forminator-field-last-name-1_69ea6315784d2\" id=\"forminator-field-last-name-1_69ea6315784d2-label\" class=\"forminator-label\">Apellido <span class=\"forminator-required\">*<\/span><\/label><input type=\"text\" name=\"name-1-last-name\" placeholder=\"\" id=\"forminator-field-last-name-1_69ea6315784d2\" class=\"forminator-input\" aria-required=\"true\" data-multi=\"1\" autocomplete=\"family-name\" value=\"\" \/><\/div><\/div><\/div><\/div><\/div><div class=\"forminator-row\"><div id=\"email-1\" class=\"forminator-field-email forminator-col forminator-col-12 \"><div class=\"forminator-field\"><label for=\"forminator-field-email-1_69ea6315784d2\" id=\"forminator-field-email-1_69ea6315784d2-label\" class=\"forminator-label\">Correo electr\u00f3nico <span class=\"forminator-required\">*<\/span><\/label><input type=\"email\" name=\"email-1\" value=\"\" placeholder=\"\" id=\"forminator-field-email-1_69ea6315784d2\" class=\"forminator-input forminator-email--field\" data-required=\"1\" aria-required=\"true\" autocomplete=\"email\" \/><\/div><\/div><\/div><div class=\"forminator-row\"><div id=\"checkbox-1\" class=\"forminator-field-checkbox forminator-col forminator-col-12  casillas\"><div role=\"group\" class=\"forminator-field\" aria-labelledby=\"forminator-checkbox-group-forminator-field-checkbox-1-69ea6315784d2-label\"><span id=\"forminator-checkbox-group-forminator-field-checkbox-1-69ea6315784d2-label\" class=\"forminator-label\">Seleccione sus areas de interes<\/span><label id=\"forminator-field-checkbox-1-1-69ea6315784d2-label\" for=\"forminator-field-checkbox-1-1-69ea6315784d2\" class=\"forminator-checkbox\" title=\"\u00c1rea Comercial\"><input type=\"checkbox\" name=\"checkbox-1[]\" value=\"\u00c1rea Comercial\" id=\"forminator-field-checkbox-1-1-69ea6315784d2\" aria-labelledby=\"forminator-field-checkbox-1-1-69ea6315784d2-label\" data-calculation=\"0\"  \/><span class=\"forminator-checkbox-box\" aria-hidden=\"true\"><\/span><span class=\"forminator-checkbox-label\">\u00c1rea Comercial<\/span><\/label><label id=\"forminator-field-checkbox-1-2-69ea6315784d2-label\" for=\"forminator-field-checkbox-1-2-69ea6315784d2\" class=\"forminator-checkbox\" title=\"Marketing\"><input type=\"checkbox\" name=\"checkbox-1[]\" value=\"Marketing\" id=\"forminator-field-checkbox-1-2-69ea6315784d2\" aria-labelledby=\"forminator-field-checkbox-1-2-69ea6315784d2-label\" data-calculation=\"0\"  \/><span class=\"forminator-checkbox-box\" aria-hidden=\"true\"><\/span><span class=\"forminator-checkbox-label\">Marketing<\/span><\/label><label id=\"forminator-field-checkbox-1-3-69ea6315784d2-label\" for=\"forminator-field-checkbox-1-3-69ea6315784d2\" class=\"forminator-checkbox\" title=\"Comercio Exterior\"><input type=\"checkbox\" name=\"checkbox-1[]\" value=\"Comercio Exterior\" id=\"forminator-field-checkbox-1-3-69ea6315784d2\" aria-labelledby=\"forminator-field-checkbox-1-3-69ea6315784d2-label\" data-calculation=\"0\"  \/><span class=\"forminator-checkbox-box\" aria-hidden=\"true\"><\/span><span class=\"forminator-checkbox-label\">Comercio Exterior<\/span><\/label><label id=\"forminator-field-checkbox-1-4-69ea6315784d2-label\" for=\"forminator-field-checkbox-1-4-69ea6315784d2\" class=\"forminator-checkbox\" title=\"Administraci\u00f3n y Finanzas\"><input type=\"checkbox\" name=\"checkbox-1[]\" value=\"Administraci\u00f3n y Finanzas\" id=\"forminator-field-checkbox-1-4-69ea6315784d2\" aria-labelledby=\"forminator-field-checkbox-1-4-69ea6315784d2-label\" data-calculation=\"0\"  \/><span class=\"forminator-checkbox-box\" aria-hidden=\"true\"><\/span><span class=\"forminator-checkbox-label\">Administraci\u00f3n y Finanzas<\/span><\/label><label id=\"forminator-field-checkbox-1-5-69ea6315784d2-label\" for=\"forminator-field-checkbox-1-5-69ea6315784d2\" class=\"forminator-checkbox\" title=\"Sistemas\"><input type=\"checkbox\" name=\"checkbox-1[]\" value=\"Sistemas\" id=\"forminator-field-checkbox-1-5-69ea6315784d2\" aria-labelledby=\"forminator-field-checkbox-1-5-69ea6315784d2-label\" data-calculation=\"0\"  \/><span class=\"forminator-checkbox-box\" aria-hidden=\"true\"><\/span><span class=\"forminator-checkbox-label\">Sistemas<\/span><\/label><label id=\"forminator-field-checkbox-1-6-69ea6315784d2-label\" for=\"forminator-field-checkbox-1-6-69ea6315784d2\" class=\"forminator-checkbox\" title=\"Recursos Humanos\"><input type=\"checkbox\" name=\"checkbox-1[]\" value=\"Recursos Humanos\" id=\"forminator-field-checkbox-1-6-69ea6315784d2\" aria-labelledby=\"forminator-field-checkbox-1-6-69ea6315784d2-label\" data-calculation=\"0\"  \/><span class=\"forminator-checkbox-box\" aria-hidden=\"true\"><\/span><span class=\"forminator-checkbox-label\">Recursos Humanos<\/span><\/label><label id=\"forminator-field-checkbox-1-7-69ea6315784d2-label\" for=\"forminator-field-checkbox-1-7-69ea6315784d2\" class=\"forminator-checkbox\" title=\"Deposito y Log\u00edstica\"><input type=\"checkbox\" name=\"checkbox-1[]\" value=\"Deposito y Log\u00edstica\" id=\"forminator-field-checkbox-1-7-69ea6315784d2\" aria-labelledby=\"forminator-field-checkbox-1-7-69ea6315784d2-label\" data-calculation=\"0\"  \/><span class=\"forminator-checkbox-box\" aria-hidden=\"true\"><\/span><span class=\"forminator-checkbox-label\">Deposito y Log\u00edstica<\/span><\/label><label id=\"forminator-field-checkbox-1-8-69ea6315784d2-label\" for=\"forminator-field-checkbox-1-8-69ea6315784d2\" class=\"forminator-checkbox\" title=\"Control de Calidad\"><input type=\"checkbox\" name=\"checkbox-1[]\" value=\"Control de Calidad\" id=\"forminator-field-checkbox-1-8-69ea6315784d2\" aria-labelledby=\"forminator-field-checkbox-1-8-69ea6315784d2-label\" data-calculation=\"0\"  \/><span class=\"forminator-checkbox-box\" aria-hidden=\"true\"><\/span><span class=\"forminator-checkbox-label\">Control de Calidad<\/span><\/label><label id=\"forminator-field-checkbox-1-9-69ea6315784d2-label\" for=\"forminator-field-checkbox-1-9-69ea6315784d2\" class=\"forminator-checkbox\" title=\"Regulatorio\"><input type=\"checkbox\" name=\"checkbox-1[]\" value=\"Regulatorio\" id=\"forminator-field-checkbox-1-9-69ea6315784d2\" aria-labelledby=\"forminator-field-checkbox-1-9-69ea6315784d2-label\" data-calculation=\"0\"  \/><span class=\"forminator-checkbox-box\" aria-hidden=\"true\"><\/span><span class=\"forminator-checkbox-label\">Regulatorio<\/span><\/label><label id=\"forminator-field-checkbox-1-10-69ea6315784d2-label\" for=\"forminator-field-checkbox-1-10-69ea6315784d2\" class=\"forminator-checkbox\" title=\"Microbiolog\u00eda\"><input type=\"checkbox\" name=\"checkbox-1[]\" value=\"Microbiolog\u00eda\" id=\"forminator-field-checkbox-1-10-69ea6315784d2\" aria-labelledby=\"forminator-field-checkbox-1-10-69ea6315784d2-label\" data-calculation=\"0\"  \/><span class=\"forminator-checkbox-box\" aria-hidden=\"true\"><\/span><span class=\"forminator-checkbox-label\">Microbiolog\u00eda<\/span><\/label><label id=\"forminator-field-checkbox-1-11-69ea6315784d2-label\" for=\"forminator-field-checkbox-1-11-69ea6315784d2\" class=\"forminator-checkbox\" title=\"Desarrollo\"><input type=\"checkbox\" name=\"checkbox-1[]\" value=\"Desarrollo\" id=\"forminator-field-checkbox-1-11-69ea6315784d2\" aria-labelledby=\"forminator-field-checkbox-1-11-69ea6315784d2-label\" data-calculation=\"0\"  \/><span class=\"forminator-checkbox-box\" aria-hidden=\"true\"><\/span><span class=\"forminator-checkbox-label\">Desarrollo<\/span><\/label><label id=\"forminator-field-checkbox-1-12-69ea6315784d2-label\" for=\"forminator-field-checkbox-1-12-69ea6315784d2\" class=\"forminator-checkbox\" title=\"Garant\u00eda de Calidad\"><input type=\"checkbox\" name=\"checkbox-1[]\" value=\"Garant\u00eda de Calidad\" id=\"forminator-field-checkbox-1-12-69ea6315784d2\" aria-labelledby=\"forminator-field-checkbox-1-12-69ea6315784d2-label\" data-calculation=\"0\"  \/><span class=\"forminator-checkbox-box\" aria-hidden=\"true\"><\/span><span class=\"forminator-checkbox-label\">Garant\u00eda de Calidad<\/span><\/label><label id=\"forminator-field-checkbox-1-13-69ea6315784d2-label\" for=\"forminator-field-checkbox-1-13-69ea6315784d2\" class=\"forminator-checkbox\" title=\"S\u00f3lidos Orales\"><input type=\"checkbox\" name=\"checkbox-1[]\" value=\"S\u00f3lidos Orales\" id=\"forminator-field-checkbox-1-13-69ea6315784d2\" aria-labelledby=\"forminator-field-checkbox-1-13-69ea6315784d2-label\" data-calculation=\"0\"  \/><span class=\"forminator-checkbox-box\" aria-hidden=\"true\"><\/span><span class=\"forminator-checkbox-label\">S\u00f3lidos Orales<\/span><\/label><label id=\"forminator-field-checkbox-1-14-69ea6315784d2-label\" for=\"forminator-field-checkbox-1-14-69ea6315784d2\" class=\"forminator-checkbox\" title=\"Inyectables\"><input type=\"checkbox\" name=\"checkbox-1[]\" value=\"Inyectables\" id=\"forminator-field-checkbox-1-14-69ea6315784d2\" aria-labelledby=\"forminator-field-checkbox-1-14-69ea6315784d2-label\" data-calculation=\"0\"  \/><span class=\"forminator-checkbox-box\" aria-hidden=\"true\"><\/span><span class=\"forminator-checkbox-label\">Inyectables<\/span><\/label><label id=\"forminator-field-checkbox-1-15-69ea6315784d2-label\" for=\"forminator-field-checkbox-1-15-69ea6315784d2\" class=\"forminator-checkbox\" title=\"Acondicionamiento\"><input type=\"checkbox\" name=\"checkbox-1[]\" value=\"Acondicionamiento\" id=\"forminator-field-checkbox-1-15-69ea6315784d2\" aria-labelledby=\"forminator-field-checkbox-1-15-69ea6315784d2-label\" data-calculation=\"0\"  \/><span class=\"forminator-checkbox-box\" aria-hidden=\"true\"><\/span><span class=\"forminator-checkbox-label\">Acondicionamiento<\/span><\/label><label id=\"forminator-field-checkbox-1-16-69ea6315784d2-label\" for=\"forminator-field-checkbox-1-16-69ea6315784d2\" class=\"forminator-checkbox\" title=\"Mantenimiento\"><input type=\"checkbox\" name=\"checkbox-1[]\" value=\"Mantenimiento\" id=\"forminator-field-checkbox-1-16-69ea6315784d2\" aria-labelledby=\"forminator-field-checkbox-1-16-69ea6315784d2-label\" data-calculation=\"0\"  \/><span class=\"forminator-checkbox-box\" aria-hidden=\"true\"><\/span><span class=\"forminator-checkbox-label\">Mantenimiento<\/span><\/label><label id=\"forminator-field-checkbox-1-17-69ea6315784d2-label\" for=\"forminator-field-checkbox-1-17-69ea6315784d2\" class=\"forminator-checkbox\" title=\"Otras\"><input type=\"checkbox\" name=\"checkbox-1[]\" value=\"Otras\" id=\"forminator-field-checkbox-1-17-69ea6315784d2\" aria-labelledby=\"forminator-field-checkbox-1-17-69ea6315784d2-label\" data-calculation=\"0\"  \/><span class=\"forminator-checkbox-box\" aria-hidden=\"true\"><\/span><span class=\"forminator-checkbox-label\">Otras<\/span><\/label><\/div><\/div><\/div><div class=\"forminator-row\"><div id=\"upload-1\" class=\"forminator-field-upload forminator-col forminator-col-12 \"><div class=\"forminator-field\"><label for=\"forminator-field-upload-1_69ea6315784d2\" id=\"forminator-field-upload-1_69ea6315784d2-label\" class=\"forminator-label\">Adjunta CV<\/label><div class=\"forminator-file-upload \" data-element=\"upload-1_69ea6315784d2\"><input type=\"file\" name=\"upload-1\" id=\"forminator-field-upload-1_69ea6315784d2\" class=\"forminator-input-file\" accept=\".jpg,.jpeg,.jpe,.gif,.png,.bmp,.tiff,.tif,.webp,.ico,.heic,.asf,.asx,.wmv,.wmx,.wm,.avi,.divx,.flv,.mov,.qt,.mpeg,.mpg,.mpe,.mp4,.m4v,.ogv,.webm,.mkv,.3gp,.3gpp,.3g2,.3gp2,.txt,.asc,.c,.cc,.h,.srt,.csv,.tsv,.ics,.rtx,.vtt,.mp3,.m4a,.m4b,.aac,.ra,.ram,.wav,.ogg,.oga,.flac,.mid,.midi,.wma,.wax,.mka,.rtf,.pdf,.class,.tar,.zip,.gz,.gzip,.7z,.psd,.xcf,.doc,.pot,.pps,.ppt,.wri,.xla,.xls,.xlt,.xlw,.mdb,.mpp,.docx,.docm,.dotx,.dotm,.xlsx,.xlsm,.xlsb,.xltx,.xltm,.xlam,.pptx,.pptm,.ppsx,.ppsm,.potx,.potm,.ppam,.sldx,.sldm,.onetoc,.onetoc2,.onetmp,.onepkg,.oxps,.xps,.odt,.odp,.ods,.odg,.odc,.odb,.odf,.wp,.wpd,.key,.numbers,.pages,.svgz,.json\" tabindex=\"-1\"><button id=\"forminator-field-upload-1_69ea6315784d2_button\" class=\"forminator-button forminator-button-upload\" data-id=\"forminator-field-upload-1_69ea6315784d2\">Elegir archivo<\/button><span data-empty-text=\"Ning\u00fan archivo seleccionado\">Ning\u00fan archivo seleccionado<\/span><button class=\"forminator-button-delete\" style=\"display: none;\"><i class=\"forminator-icon-close\" aria-hidden=\"true\"><\/i><span class=\"forminator-screen-reader-only\">Eliminar el archivo subido<\/span><\/button><\/div><\/div><\/div><\/div><div class=\"forminator-row\"><div id=\"captcha-1\" class=\"forminator-field-captcha forminator-col forminator-col-12 \"><div class=\"forminator-captcha-left forminator-g-recaptcha\" data-theme=\"light\"  data-sitekey=\"6Ld0FuUlAAAAAJKi2xmZGDkmuV-12uLELrgrGisq\" data-size=\"normal\"><\/div> <\/div><\/div><input type=\"hidden\" name=\"referer_url\" value=\"\" \/><div class=\"forminator-row forminator-row-last\"><div class=\"forminator-col\"><div class=\"forminator-field\"><button class=\"forminator-button forminator-button-submit\">Enviar datos<\/button><\/div><\/div><\/div><input type=\"hidden\" id=\"forminator_nonce\" name=\"forminator_nonce\" value=\"5ec3c359f0\" \/><input type=\"hidden\" name=\"_wp_http_referer\" value=\"\/nuevaweb\/wp-json\/wp\/v2\/pages\/1055\" \/><input type=\"hidden\" name=\"form_id\" value=\"1054\"><input type=\"hidden\" name=\"page_id\" value=\"1055\"><input type=\"hidden\" name=\"form_type\" value=\"default\"><input type=\"hidden\" name=\"current_url\" value=\"https:\/\/www.richet.com.ar\/nuevaweb\/recursos-humanos\/\"><input type=\"hidden\" name=\"render_id\" value=\"0\"><input type=\"hidden\" name=\"action\" value=\"forminator_submit_form_custom-forms\"><\/form><\/div>\n\t\t\t\t\t\t<\/div>\n\t\t\t\t<\/div>\n\t\t\t\t<div class=\"elementor-element elementor-element-b721df6 elementor-widget elementor-widget-html\" data-id=\"b721df6\" data-element_type=\"widget\" data-e-type=\"widget\" data-widget_type=\"html.default\">\n\t\t\t\t<div class=\"elementor-widget-container\">\n\t\t\t\t\t<style>\n    .casillas .forminator-field {\n        display: flex;\n        flex-wrap: wrap;\n    }\n    .casillas .forminator-field h4{\n        flex-basis: 100%;\n    }\n    .casillas .forminator-field label {\n        flex-basis: 33%!important;\n    }\n    @media (max-width: 767px) {\n        .casillas .forminator-field label {\n        flex-basis: 100%!important;\n    }\n    \n  \n}\n    \n    \n    \n    \n<\/style>\t\t\t\t<\/div>\n\t\t\t\t<\/div>\n\t\t\t\t\t<\/div>\n\t\t<\/div>\n\t\t\t\t\t<\/div>\n\t\t<\/section>\n\t\t\t\t<\/div>\n\t\t","protected":false},"excerpt":{"rendered":"<p>RECURSOS HUMANOS Si est\u00e1s interesado en formar parte de nuestro staff te invitamos a enviarnos tu curr\u00edculum vitae para que podamos tenerlo en cuenta en nuestros procesos de reclutamiento y selecci\u00f3n<\/p>\n","protected":false},"author":2,"featured_media":0,"parent":0,"menu_order":0,"comment_status":"closed","ping_status":"closed","template":"elementor_canvas","meta":{"footnotes":""},"class_list":["post-1055","page","type-page","status-publish","hentry"],"_links":{"self":[{"href":"https:\/\/www.richet.com.ar\/nuevaweb\/wp-json\/wp\/v2\/pages\/1055","targetHints":{"allow":["GET"]}}],"collection":[{"href":"https:\/\/www.richet.com.ar\/nuevaweb\/wp-json\/wp\/v2\/pages"}],"about":[{"href":"https:\/\/www.richet.com.ar\/nuevaweb\/wp-json\/wp\/v2\/types\/page"}],"author":[{"embeddable":true,"href":"https:\/\/www.richet.com.ar\/nuevaweb\/wp-json\/wp\/v2\/users\/2"}],"replies":[{"embeddable":true,"href":"https:\/\/www.richet.com.ar\/nuevaweb\/wp-json\/wp\/v2\/comments?post=1055"}],"version-history":[{"count":32,"href":"https:\/\/www.richet.com.ar\/nuevaweb\/wp-json\/wp\/v2\/pages\/1055\/revisions"}],"predecessor-version":[{"id":2356,"href":"https:\/\/www.richet.com.ar\/nuevaweb\/wp-json\/wp\/v2\/pages\/1055\/revisions\/2356"}],"wp:attachment":[{"href":"https:\/\/www.richet.com.ar\/nuevaweb\/wp-json\/wp\/v2\/media?parent=1055"}],"curies":[{"name":"wp","href":"https:\/\/api.w.org\/{rel}","templated":true}]}}